{"id":15813,"date":"2016-04-28T08:47:48","date_gmt":"2016-04-28T08:47:48","guid":{"rendered":"http:\/\/drplettenberg-rechtsanwaelte.de\/?page_id=15813"},"modified":"2025-01-23T18:43:29","modified_gmt":"2025-01-23T18:43:29","slug":"aviso-legal","status":"publish","type":"page","link":"https:\/\/www.kanzlei-plettenberg.de\/es\/aviso-legal","title":{"rendered":"Aviso Legal"},"content":{"rendered":"<p>[vc_row row_type=&#8221;row&#8221; use_row_as_full_screen_section=&#8221;no&#8221; type=&#8221;full_width&#8221; angled_section=&#8221;no&#8221; text_align=&#8221;left&#8221; background_image_as_pattern=&#8221;without_pattern&#8221; css_animation=&#8221;&#8221;][vc_column][vc_single_image image=&#8221;16510&#8243; img_size=&#8221;full&#8221; alignment=&#8221;center&#8221; qode_css_animation=&#8221;&#8221;][vc_empty_space][vc_column_text]<\/p>\n<h1 style=\"text-align: center;\">Aviso Legal<\/h1>\n<p>[\/vc_column_text][vc_separator type=&#8221;normal&#8221; color=&#8221;#a29061&#8243; thickness=&#8221;3&#8243; up=&#8221;20&#8243; down=&#8221;0&#8243;][vc_empty_space][vc_column_text css=&#8221;.vc_custom_1527240424007{padding-right: 18% !important;padding-left: 18% !important;}&#8221;]<\/p>\n<p style=\"text-align: justify;\"><em>Esta informaci\u00f3n s\u00f3lo est\u00e1 disponible en el idioma alem\u00e1n.<\/em><\/p>\n<p style=\"text-align: justify;\">Hinweise gem\u00e4\u00df \u00a7 5 Telemediengesetz (TMG) und \u00a7\u00a7 2ff Verordnung \u00fcber Informationspflichten f\u00fcr Dienstleistungserbringer (DL-InfoV). Anbieter dieser Website ist die<\/p>\n<p>&nbsp;<\/p>\n<h3 style=\"text-align: justify;\">Anschrift &amp; Kontakt<\/h3>\n<p style=\"text-align: justify;\">Kanzlei Dr. jur. utr. Graf v. Plettenberg<br \/>\nDr.-Karl-Aschoff-Str. 6<br \/>\nD- 55543 Bad Kreuznach<br \/>\nTel.: +49 (0)671 2118<br \/>\nFax: +49 (0)671 2195<br \/>\n<a href=\"#\" class=\"mail-cloak-email\" data-email-method=\"matrix\" data-email-value=\"lqir#ndqcohl-sohwwhqehuj.gh\" data-email-mailto=\"pdlowr:lqir#ndqcohl-sohwwhqehuj.gh\" data-email-time=\"true\" data-email-delay=\"3\" data-placeholder=\"\u2022\u2022\u2022\u2022\u2022\u2022\u2022\u2022\u2022\u2022\u2022\u2022\u2022\u2022\u2022\u2022\u2022\u2022\u2022\u2022\u2022\u2022\u2022\u2022\u2022\u2022\u2022\">\u2022\u2022\u2022\u2022\u2022\u2022\u2022\u2022\u2022\u2022\u2022\u2022\u2022\u2022\u2022\u2022\u2022\u2022\u2022\u2022\u2022\u2022\u2022\u2022\u2022\u2022\u2022<\/a><\/p>\n<p>&nbsp;<\/p>\n<h3 style=\"text-align: justify;\">Ansprechpartner<\/h3>\n<p style=\"text-align: justify;\">Dr. Christoph Graf v. Plettenberg<br \/>\nUmsatzsteuer-ID:<br \/>\nUmsatzsteuer-Identifikationsnummer gem\u00e4\u00df \u00a727 a Umsatzsteuergesetz:<br \/>\nDE 183967476<\/p>\n<p style=\"text-align: justify;\">Design &amp; Website: <a href=\"http:\/\/www.wp-designagentur.de\" target=\"_blank\" rel=\"noopener\">Wendt &amp; Pelchrzim Designagentur<\/a><\/p>\n<p>&nbsp;<\/p>\n<h3 style=\"text-align: justify;\"><\/h3>\n<h3 style=\"text-align: justify;\">Aufsichtsbeh\u00f6rde<\/h3>\n<p style=\"text-align: justify;\">S\u00e4mtliche Anw\u00e4lte der Kanzlei sind in der Bundesrepublik Deutschland als Rechtsanw\u00e4lte zugelassen und geh\u00f6ren der <a href=\"http:\/\/www.rakko.de\/\" target=\"_blank\" rel=\"noopener\">Rechtsanwaltskammer f\u00fcr den Oberlandesgerichtsbezirk Koblenz<\/a> an.<br \/>\nAlmudena Gr\u00e4fin v. Plettenberg ist dar\u00fcber hinaus auch in Spanien als Abogada (spanische Anw\u00e4ltin) zugelassen und ist Mitglied der Rechtsanwaltskammer Madrid (<a href=\"http:\/\/web.icam.es\/\" target=\"_blank\" rel=\"noopener\">Ilustre Colegio de Abogados de Madrid<\/a>).<\/p>\n<p>&nbsp;<\/p>\n<h3 style=\"text-align: justify;\"><\/h3>\n<h3 style=\"text-align: justify;\">Es gelten insbesondere folgende Geb\u00fchren- und Berufsordnungen f\u00fcr Rechtsanw\u00e4lte<\/h3>\n<p style=\"text-align: justify;\">\u2981\u00a0\u00a0 \u00a0BRAO-Bundesrechtsanwaltsordnung<br \/>\n\u2981\u00a0\u00a0 \u00a0BORA-Berufsordnung f\u00fcr Rechtswanw\u00e4lte<br \/>\n\u2981\u00a0\u00a0 \u00a0Fachanwaltsordnung<br \/>\n\u2981\u00a0\u00a0 \u00a0RVG-Rechtsanwaltsverg\u00fctungsgesetz<br \/>\n\u2981\u00a0\u00a0 \u00a0Berufsregeln der Rechtsanw\u00e4lte der Europ\u00e4ischen Gemeinschaft (CCBE)<br \/>\n\u2981\u00a0\u00a0 \u00a0Gesetz \u00fcber die T\u00e4tigkeit europ\u00e4ischer Rechtsanw\u00e4lte in Deutschland<br \/>\nDie Texte befinden sich unter\u00a0<a href=\"http:\/\/www.brak.de\" target=\"_blank\" rel=\"noopener\">www.brak.de<\/a>\u00a0in der Rubrik \u201cInformationspflichten gem\u00e4\u00df \u00a7 5 TMG\u201d.<\/p>\n<p>&nbsp;<\/p>\n<h3 style=\"text-align: justify;\"><\/h3>\n<h3 style=\"text-align: justify;\">Angaben zur Berufshaftpflichtversicherung<\/h3>\n<p style=\"text-align: justify;\">Alle Anw\u00e4lte der Kanzlei sind bei der HDI Versicherung AG, HDI-Platz 1, 30659 Hannover versichert.<br \/>\nR\u00e4umlicher Geltungsbereich der Versicherung: Bundesrepublik Deutschland und alle Mitgliedsstaaten der Europ\u00e4ischen Union. Die Anwaltsversicherung enth\u00e4lt keinen Versicherungsschutz f\u00fcr anwaltliche Beratung in einem ausl\u00e4ndischen Recht.<\/p>\n<p>&nbsp;<\/p>\n<h3 style=\"text-align: justify;\">Haftungsausschluss<\/h3>\n<p style=\"text-align: justify;\"><strong>Haftung f\u00fcr Inhalte<\/strong><br \/>\nDie Inhalte unserer Seiten wurden mit gr\u00f6\u00dfter Sorgfalt erstellt. F\u00fcr die Richtigkeit, Vollst\u00e4ndigkeit und Aktualit\u00e4t der Inhalte k\u00f6nnen wir jedoch keine Gew\u00e4hr \u00fcbernehmen. Als Diensteanbieter sind wir gem\u00e4\u00df \u00a7 7 Abs.1 TMG f\u00fcr eigene Inhalte auf diesen Seiten nach den allgemeinen Gesetzen verantwortlich. Nach \u00a7\u00a7 8 bis 10 TMG sind wir als Diensteanbieter jedoch nicht verpflichtet, \u00fcbermittelte oder gespeicherte fremde Informationen zu \u00fcberwachen oder nach Umst\u00e4nden zu forschen, die auf eine rechtswidrige T\u00e4tigkeit hinweisen. Verpflichtungen zur Entfernung oder Sperrung der Nutzung von Informationen nach den allgemeinen Gesetzen bleiben hiervon unber\u00fchrt. Eine diesbez\u00fcgliche Haftung ist jedoch erst ab dem Zeitpunkt der Kenntnis einer konkreten Rechtsverletzung m\u00f6glich. Bei Bekanntwerden von entsprechenden Rechtsverletzungen werden wir diese Inhalte umgehend entfernen.<\/p>\n<p>&nbsp;<\/p>\n<p style=\"text-align: justify;\"><strong>Haftung f\u00fcr Links<\/strong><br \/>\nUnser Angebot enth\u00e4lt Links zu externen Webseiten Dritter, auf deren Inhalte wir keinen Einfluss haben. Deshalb k\u00f6nnen wir f\u00fcr diese fremden Inhalte auch keine Gew\u00e4hr \u00fcbernehmen. F\u00fcr die Inhalte der verlinkten Seiten ist stets der jeweilige Anbieter oder Betreiber der Seiten verantwortlich. Die verlinkten Seiten wurden zum Zeitpunkt der Verlinkung auf m\u00f6gliche Rechtsverst\u00f6\u00dfe \u00fcberpr\u00fcft. Rechtswidrige Inhalte waren zum Zeitpunkt der Verlinkung nicht erkennbar. Eine permanente inhaltliche Kontrolle der verlinkten Seiten ist jedoch ohne konkrete Anhaltspunkte einer Rechtsverletzung nicht zumutbar. Bei Bekanntwerden von Rechtsverletzungen werden wir derartige Links umgehend entfernen.<\/p>\n<p>&nbsp;<\/p>\n<p style=\"text-align: justify;\"><strong>Urheberrecht<\/strong><br \/>\nDie durch die Seitenbetreiber erstellten Inhalte und Werke auf diesen Seiten unterliegen dem deutschen Urheberrecht. Die Vervielf\u00e4ltigung, Bearbeitung, Verbreitung und jede Art der Verwertung au\u00dferhalb der Grenzen des Urheberrechtes bed\u00fcrfen der schriftlichen Zustimmung des jeweiligen Autors bzw. Erstellers. Downloads und Kopien dieser Seite sind nur f\u00fcr den privaten, nicht kommerziellen Gebrauch gestattet. Soweit die Inhalte auf dieser Seite nicht vom Betreiber erstellt wurden, werden die Urheberrechte Dritter beachtet. Insbesondere werden Inhalte Dritter als solche gekennzeichnet. Sollten Sie trotzdem auf eine Urheberrechtsverletzung aufmerksam werden, bitten wir um einen entsprechenden Hinweis. Bei Bekanntwerden von Rechtsverletzungen werden wir derartige Inhalte umgehend entfernen.<\/p>\n<p>[\/vc_column_text][vc_empty_space height=&#8221;32&#8243;][\/vc_column][\/vc_row][vc_row row_type=&#8221;row&#8221; use_row_as_full_screen_section=&#8221;no&#8221; type=&#8221;full_width&#8221; angled_section=&#8221;no&#8221; text_align=&#8221;left&#8221; background_image_as_pattern=&#8221;without_pattern&#8221; css_animation=&#8221;&#8221;][vc_column][vc_separator type=&#8221;normal&#8221; color=&#8221;#a29061&#8243; thickness=&#8221;3&#8243; up=&#8221;0&#8243; down=&#8221;0&#8243;][\/vc_column][\/vc_row]<\/p>\n","protected":false},"excerpt":{"rendered":"<p>[vc_row row_type=&#8221;row&#8221; use_row_as_full_screen_section=&#8221;no&#8221; type=&#8221;full_width&#8221; angled_section=&#8221;no&#8221; text_align=&#8221;left&#8221; background_image_as_pattern=&#8221;without_pattern&#8221; css_animation=&#8221;&#8221;][vc_column][vc_single_image image=&#8221;16510&#8243; img_size=&#8221;full&#8221; alignment=&#8221;center&#8221; qode_css_animation=&#8221;&#8221;][vc_empty_space][vc_column_text] Aviso Legal [\/vc_column_text][vc_separator type=&#8221;normal&#8221; color=&#8221;#a29061&#8243; thickness=&#8221;3&#8243; up=&#8221;20&#8243; down=&#8221;0&#8243;][vc_empty_space][vc_column_text css=&#8221;.vc_custom_1527240424007{padding-right: 18% !important;padding-left: 18% !important;}&#8221;] Esta informaci\u00f3n s\u00f3lo est\u00e1 disponible en el idioma alem\u00e1n. Hinweise gem\u00e4\u00df \u00a7 5 Telemediengesetz (TMG) und \u00a7\u00a7 2ff Verordnung \u00fcber&#8230;<\/p>\n","protected":false},"author":1,"featured_media":0,"parent":0,"menu_order":0,"comment_status":"closed","ping_status":"closed","template":"full_width.php","meta":{"footnotes":""},"class_list":["post-15813","page","type-page","status-publish","hentry"],"yoast_head":"<!-- This site is optimized with the Yoast SEO plugin v16.0.2 - https:\/\/yoast.com\/wordpress\/plugins\/seo\/ -->\n<title>Aviso Legal - Dr. Graf v. Plettenberg<\/title>\n<link rel=\"canonical\" href=\"https:\/\/www.kanzlei-plettenberg.de\/es\/aviso-legal\" \/>\n<meta property=\"og:locale\" content=\"en_US\" \/>\n<meta property=\"og:type\" content=\"article\" \/>\n<meta property=\"og:title\" content=\"Aviso Legal - Dr. Graf v. Plettenberg\" \/>\n<meta property=\"og:description\" content=\"[vc_row row_type=&#8221;row&#8221; use_row_as_full_screen_section=&#8221;no&#8221; type=&#8221;full_width&#8221; angled_section=&#8221;no&#8221; text_align=&#8221;left&#8221; background_image_as_pattern=&#8221;without_pattern&#8221; css_animation=&#8221;&#8221;][vc_column][vc_single_image image=&#8221;16510&#8243; img_size=&#8221;full&#8221; alignment=&#8221;center&#8221; qode_css_animation=&#8221;&#8221;][vc_empty_space][vc_column_text] Aviso Legal [\/vc_column_text][vc_separator type=&#8221;normal&#8221; color=&#8221;#a29061&#8243; thickness=&#8221;3&#8243; up=&#8221;20&#8243; down=&#8221;0&#8243;][vc_empty_space][vc_column_text css=&#8221;.vc_custom_1527240424007{padding-right: 18% !important;padding-left: 18% !important;}&#8221;] Esta informaci\u00f3n s\u00f3lo est\u00e1 disponible en el idioma alem\u00e1n. Hinweise gem\u00e4\u00df \u00a7 5 Telemediengesetz (TMG) und \u00a7\u00a7 2ff Verordnung \u00fcber...\" \/>\n<meta property=\"og:url\" content=\"https:\/\/www.kanzlei-plettenberg.de\/es\/aviso-legal\" \/>\n<meta property=\"og:site_name\" content=\"Dr. Graf v. Plettenberg\" \/>\n<meta property=\"article:modified_time\" content=\"2025-01-23T18:43:29+00:00\" \/>\n<meta name=\"twitter:card\" content=\"summary_large_image\" \/>\n<meta name=\"twitter:label1\" content=\"Est. reading time\">\n\t<meta name=\"twitter:data1\" content=\"4 minutes\">\n<script type=\"application\/ld+json\" class=\"yoast-schema-graph\">{\"@context\":\"https:\/\/schema.org\",\"@graph\":[{\"@type\":\"Organization\",\"@id\":\"https:\/\/www.kanzlei-plettenberg.de\/es\/#organization\",\"name\":\"Dr. Graf von Plettenberg\",\"url\":\"https:\/\/www.kanzlei-plettenberg.de\/es\/\",\"sameAs\":[],\"logo\":{\"@type\":\"ImageObject\",\"@id\":\"https:\/\/www.kanzlei-plettenberg.de\/es\/#logo\",\"inLanguage\":\"en-US\",\"url\":\"https:\/\/www.kanzlei-plettenberg.de\/wp-content\/uploads\/2016\/12\/FINAL-Logo-Plettenberg-mit-Unterzeile-1.png\",\"width\":352,\"height\":267,\"caption\":\"Dr. Graf von Plettenberg\"},\"image\":{\"@id\":\"https:\/\/www.kanzlei-plettenberg.de\/es\/#logo\"}},{\"@type\":\"WebSite\",\"@id\":\"https:\/\/www.kanzlei-plettenberg.de\/es\/#website\",\"url\":\"https:\/\/www.kanzlei-plettenberg.de\/es\/\",\"name\":\"Dr. Graf v. Plettenberg\",\"description\":\"Rechtsanw\\u00e4lte und Abagados\",\"publisher\":{\"@id\":\"https:\/\/www.kanzlei-plettenberg.de\/es\/#organization\"},\"potentialAction\":[{\"@type\":\"SearchAction\",\"target\":\"https:\/\/www.kanzlei-plettenberg.de\/es\/?s={search_term_string}\",\"query-input\":\"required name=search_term_string\"}],\"inLanguage\":\"en-US\"},{\"@type\":\"WebPage\",\"@id\":\"https:\/\/www.kanzlei-plettenberg.de\/es\/aviso-legal#webpage\",\"url\":\"https:\/\/www.kanzlei-plettenberg.de\/es\/aviso-legal\",\"name\":\"Aviso Legal - Dr. Graf v. Plettenberg\",\"isPartOf\":{\"@id\":\"https:\/\/www.kanzlei-plettenberg.de\/es\/#website\"},\"datePublished\":\"2016-04-28T08:47:48+00:00\",\"dateModified\":\"2025-01-23T18:43:29+00:00\",\"breadcrumb\":{\"@id\":\"https:\/\/www.kanzlei-plettenberg.de\/es\/aviso-legal#breadcrumb\"},\"inLanguage\":\"en-US\",\"potentialAction\":[{\"@type\":\"ReadAction\",\"target\":[\"https:\/\/www.kanzlei-plettenberg.de\/es\/aviso-legal\"]}]},{\"@type\":\"BreadcrumbList\",\"@id\":\"https:\/\/www.kanzlei-plettenberg.de\/es\/aviso-legal#breadcrumb\",\"itemListElement\":[{\"@type\":\"ListItem\",\"position\":1,\"item\":{\"@type\":\"WebPage\",\"@id\":\"https:\/\/www.kanzlei-plettenberg.de\/es\/\",\"url\":\"https:\/\/www.kanzlei-plettenberg.de\/es\/\",\"name\":\"Startseite\"}},{\"@type\":\"ListItem\",\"position\":2,\"item\":{\"@type\":\"WebPage\",\"@id\":\"https:\/\/www.kanzlei-plettenberg.de\/es\/aviso-legal\",\"url\":\"https:\/\/www.kanzlei-plettenberg.de\/es\/aviso-legal\",\"name\":\"Aviso Legal\"}}]}]}<\/script>\n<!-- \/ Yoast SEO plugin. -->","_links":{"self":[{"href":"https:\/\/www.kanzlei-plettenberg.de\/es\/wp-json\/wp\/v2\/pages\/15813","targetHints":{"allow":["GET"]}}],"collection":[{"href":"https:\/\/www.kanzlei-plettenberg.de\/es\/wp-json\/wp\/v2\/pages"}],"about":[{"href":"https:\/\/www.kanzlei-plettenberg.de\/es\/wp-json\/wp\/v2\/types\/page"}],"author":[{"embeddable":true,"href":"https:\/\/www.kanzlei-plettenberg.de\/es\/wp-json\/wp\/v2\/users\/1"}],"replies":[{"embeddable":true,"href":"https:\/\/www.kanzlei-plettenberg.de\/es\/wp-json\/wp\/v2\/comments?post=15813"}],"version-history":[{"count":30,"href":"https:\/\/www.kanzlei-plettenberg.de\/es\/wp-json\/wp\/v2\/pages\/15813\/revisions"}],"predecessor-version":[{"id":16663,"href":"https:\/\/www.kanzlei-plettenberg.de\/es\/wp-json\/wp\/v2\/pages\/15813\/revisions\/16663"}],"wp:attachment":[{"href":"https:\/\/www.kanzlei-plettenberg.de\/es\/wp-json\/wp\/v2\/media?parent=15813"}],"curies":[{"name":"wp","href":"https:\/\/api.w.org\/{rel}","templated":true}]}}