{"id":15528,"date":"2016-04-27T08:14:50","date_gmt":"2016-04-27T08:14:50","guid":{"rendered":"http:\/\/drplettenberg-rechtsanwaelte.de\/?page_id=15528"},"modified":"2017-09-13T14:37:04","modified_gmt":"2017-09-13T14:37:04","slug":"los-socios","status":"publish","type":"page","link":"https:\/\/www.kanzlei-plettenberg.de\/es\/los-socios","title":{"rendered":"Los Socios"},"content":{"rendered":"<p>[vc_row row_type=&#8221;row&#8221; use_row_as_full_screen_section=&#8221;no&#8221; type=&#8221;full_width&#8221; angled_section=&#8221;no&#8221; text_align=&#8221;left&#8221; background_image_as_pattern=&#8221;without_pattern&#8221; background_color=&#8221;#dde0db&#8221; padding_bottom=&#8221;0&#8243; css_animation=&#8221;&#8221; css=&#8221;.vc_custom_1481801755500{margin-bottom: 0px !important;}&#8221;][vc_column][vc_empty_space][vc_single_image image=&#8221;16510&#8243; img_size=&#8221;medium&#8221; alignment=&#8221;center&#8221; qode_css_animation=&#8221;&#8221;][vc_separator type=&#8221;transparent&#8221; up=&#8221;26&#8243; down=&#8221;0&#8243;][vc_column_text]<\/p>\n<h1 style=\"text-align: center;\">EL BUFETE<\/h1>\n<p>[\/vc_column_text][vc_separator type=&#8221;normal&#8221; color=&#8221;#a29061&#8243; thickness=&#8221;3&#8243; up=&#8221;20&#8243; down=&#8221;0&#8243;][\/vc_column][\/vc_row][vc_row row_type=&#8221;row&#8221; use_row_as_full_screen_section=&#8221;no&#8221; type=&#8221;full_width&#8221; angled_section=&#8221;no&#8221; text_align=&#8221;left&#8221; background_image_as_pattern=&#8221;without_pattern&#8221; background_color=&#8221;#ffffff&#8221; padding_top=&#8221;0&#8243; padding_bottom=&#8221;0&#8243; css_animation=&#8221;&#8221; css=&#8221;.vc_custom_1481801831009{margin-top: 0px !important;padding-top: 0px !important;}&#8221;][vc_column css=&#8221;.vc_custom_1481801798025{margin-top: 0px !important;margin-bottom: 0px !important;margin-left: 0px !important;padding-top: 0px !important;background-position: center !important;background-repeat: no-repeat !important;background-size: cover !important;}&#8221;][vc_empty_space height=&#8221;400&#8243; css=&#8221;.vc_custom_1481801812357{margin-top: 0px !important;padding-top: 0px !important;background-image: url(https:\/\/www.kanzlei-plettenberg.de\/wp-content\/uploads\/2016\/04\/El-buffete.jpg?id=16553) !important;background-position: center !important;background-repeat: no-repeat !important;background-size: cover !important;}&#8221;][\/vc_column][\/vc_row][vc_row row_type=&#8221;row&#8221; use_row_as_full_screen_section=&#8221;no&#8221; type=&#8221;full_width&#8221; angled_section=&#8221;no&#8221; text_align=&#8221;left&#8221; background_image_as_pattern=&#8221;without_pattern&#8221; background_color=&#8221;#ffffff&#8221; padding_top=&#8221;0&#8243; padding_bottom=&#8221;0&#8243; css_animation=&#8221;&#8221; css=&#8221;.vc_custom_1481617671659{margin-top: 0px !important;}&#8221;][vc_column width=&#8221;1\/2&#8243; css=&#8221;.vc_custom_1481702834870{margin-top: 0px !important;margin-right: 40px !important;margin-bottom: 0px !important;margin-left: 40px !important;padding-right: 80px !important;background-position: center !important;background-repeat: no-repeat !important;background-size: cover !important;}&#8221;][vc_column_text]<\/p>\n<p style=\"text-align: justify;\"><span lang=\"es-ES\"><span class='q_dropcap normal' style=' color: #646520;font-size: 72px;'>E<\/span>l bufete de abogados Dr. jur. utr. Graf v. Plettenberg asesora a sus clientes de manera integral desde hace m\u00e1s de 30 a\u00f1os. Entre nuestros clientes se encuentran peque\u00f1as y medianas empresas, as\u00ed como particulares y familias, a muchas de las cuales asesoramos desde hace muchos a\u00f1os: incluso a trav\u00e9s de un cambio generacional dentro de la estructura familiar y\/o empresarial.<br \/>\n<\/span>Por asesoramiento integral entendemos, por un lado, la representaci\u00f3n legal de nuestros clientes ante juzgados, administraciones y otras instituciones, como abogados con una amplia experiencia en numerosas \u00e1reas del derecho, tambi\u00e9n en colaboraci\u00f3n con expertos reconocidos en una materia concreta cuando el caso de que se trate as\u00ed lo requiera. Por otro lado, el asesoramiento jur\u00eddico a nuestros clientes en relaci\u00f3n con cualquier negocio que quieran o vayan a realizar, analizando los posibles riesgos de una operaci\u00f3n, y las ventajas o desventajas, dependiendo de las estructuras legales posibles. <span lang=\"es-ES\"><br \/>\nEn cualquier caso, realizamos siempre nuestro trabajo adaptando cada soluci\u00f3n a cada problema concreto.<br \/>\nEsta especial relaci\u00f3n de confianza y conocimiento de nuestros clientes hacen posible que el asesoramiento<br \/>\n<\/span><\/p>\n<p>[\/vc_column_text][vc_empty_space][\/vc_column][vc_column width=&#8221;1\/2&#8243; css=&#8221;.vc_custom_1481617434573{margin-top: 0px !important;margin-right: 40px !important;margin-bottom: 0px !important;margin-left: 40px !important;padding-right: 100px !important;background-position: center !important;background-repeat: no-repeat !important;background-size: cover !important;}&#8221;][vc_column_text]<\/p>\n<p style=\"text-align: justify;\" align=\"justify\"><span lang=\"es-ES\">prestado vaya m\u00e1s all\u00e1 de la consulta concreta o del problema legal espec\u00edfico.<br \/>\nAs\u00ed, nuestros clientes se benefician no s\u00f3lo de una evaluaci\u00f3n realista de las posibilidades de \u00e9xito en cada caso, sino tambi\u00e9n de consideraciones relativas a la rentabilidad y eficiencia de costes en relaci\u00f3n con las distintas opciones de resoluci\u00f3n de un problema concreto.<br \/>\nM\u00e1s all\u00e1 de lo anterior, la especial sensibilizaci\u00f3n con las circunstancias del cliente, sea \u00e9ste particular o empresa, nos ayuda en muchas ocasiones a anticipar oportunamente problemas espec\u00edficos, de manera que con el planteamiento adecuado, se consiguen evitar con \u00e9xito numerosas situaciones de conflicto o problemas posteriores.<br \/>\nEste enfoque global, en combinaci\u00f3n con la relaci\u00f3n de continuidad y confianza que mantenemos con nuestros clientes, son para nosotros la base de un buen asesoramiento, que a menudo va mucho m\u00e1s all\u00e1 de la labor jur\u00eddica pura y dura.<br \/>\n<\/span><\/p>\n<p>[\/vc_column_text][vc_separator type=&#8221;normal&#8221; color=&#8221;#646520&#8243; thickness=&#8221;8&#8243; up=&#8221;40&#8243;][\/vc_column][\/vc_row][vc_row row_type=&#8221;row&#8221; use_row_as_full_screen_section=&#8221;no&#8221; type=&#8221;full_width&#8221; angled_section=&#8221;no&#8221; text_align=&#8221;left&#8221; background_image_as_pattern=&#8221;without_pattern&#8221; background_color=&#8221;#dde0db&#8221; padding_top=&#8221;0&#8243; padding_bottom=&#8221;0&#8243; css_animation=&#8221;&#8221;][vc_column width=&#8221;2\/3&#8243; css=&#8221;.vc_custom_1461759771588{margin-right: 60px !important;margin-left: 60px !important;padding-right: 120px !important;background-position: center !important;background-repeat: no-repeat !important;background-size: cover !important;}&#8221;][vc_separator type=&#8221;transparent&#8221; up=&#8221;32&#8243; down=&#8221;0&#8243;][vc_column_text]<\/p>\n<h3 style=\"text-align: left;\">RECHTSANWALT (Abogado alem\u00e1n)<br \/>\nDR. JUR. UTR. CHRISTOPH VON PLETTENBERG<\/h3>\n<p>[\/vc_column_text][vc_separator type=&#8221;transparent&#8221; up=&#8221;32&#8243; down=&#8221;0&#8243;][vc_column_text]<\/p>\n<p style=\"text-align: justify;\" align=\"justify\"><span lang=\"es-ES\">Dr. Christoph Graf von Plettenberg estudi\u00f3 Derecho en las Universidades de Friburgo y W\u00fcrzburg, Alemania. Despu\u00e9s de terminar su doctorado con \u00e9xito, comenz\u00f3 su carrera como abogado.<\/span><\/p>\n<p style=\"text-align: justify;\" align=\"justify\"><span lang=\"es-ES\">Est\u00e1 especializado en\u00a0 Derecho Inmobiliario, as\u00ed como en Derecho de la Construcci\u00f3n, Derecho M\u00e9dico y Sanitario y Derecho de Sucesiones. Tambi\u00e9n se encarga del asesoramiento a grupos y empresas familiares en la planificaci\u00f3n integral de la sucesi\u00f3n familiar y empresarial, no s\u00f3lo durante el proceso de cambio generacional.<\/span><\/p>\n<p style=\"text-align: justify;\" align=\"justify\"><span lang=\"es-ES\">Est\u00e1 casado y tiene un hijo. Adem\u00e1s de su profesi\u00f3n, la m\u00fasica es su gran pasi\u00f3n.<\/span><\/p>\n<p style=\"text-align: justify;\" align=\"justify\"><span lang=\"es-ES\">Est\u00e1 colegiado en el Colegio de Abogados de Koblenz y es miembro de la Asociaci\u00f3n Alemana de Abogados.<\/span><\/p>\n<p>&nbsp;<\/p>\n<p style=\"text-align: justify;\" align=\"justify\">Contacto: <a href=\"#\" class=\"mail-cloak-email\" data-email-method=\"matrix\" data-email-value=\"gu#ndqcohl-sohwwhqehuj.gh\" data-email-mailto=\"pdlowr:gu#ndqcohl-sohwwhqehuj.gh\" data-email-time=\"true\" data-email-delay=\"3\" data-placeholder=\"\u2022\u2022\u2022\u2022\u2022\u2022\u2022\u2022\u2022\u2022\u2022\u2022\u2022\u2022\u2022\u2022\u2022\u2022\u2022\u2022\u2022\u2022\u2022\u2022\u2022\">\u2022\u2022\u2022\u2022\u2022\u2022\u2022\u2022\u2022\u2022\u2022\u2022\u2022\u2022\u2022\u2022\u2022\u2022\u2022\u2022\u2022\u2022\u2022\u2022\u2022<\/a><\/p>\n<p>[\/vc_column_text][vc_empty_space][\/vc_column][vc_column width=&#8221;1\/3&#8243; css=&#8221;.vc_custom_1481187544656{margin-top: 0px !important;margin-right: 0px !important;margin-bottom: 0px !important;margin-left: 0px !important;background-image: url(https:\/\/www.kanzlei-plettenberg.de\/wp-content\/uploads\/2016\/04\/Sawatzki-DR2.jpg?id=16241) !important;background-position: center !important;background-repeat: no-repeat !important;background-size: cover !important;}&#8221;][vc_empty_space height=&#8221;580&#8243; css=&#8221;.vc_custom_1481701996007{margin-top: 0px !important;margin-right: 0px !important;margin-bottom: 0px !important;margin-left: 0px !important;}&#8221;][\/vc_column][\/vc_row][vc_row row_type=&#8221;row&#8221; use_row_as_full_screen_section=&#8221;no&#8221; type=&#8221;full_width&#8221; angled_section=&#8221;no&#8221; text_align=&#8221;left&#8221; background_image_as_pattern=&#8221;without_pattern&#8221; background_color=&#8221;#ffffff&#8221; css_animation=&#8221;&#8221;][vc_column width=&#8221;1\/3&#8243; css=&#8221;.vc_custom_1481187905042{margin-top: 0px !important;margin-right: 0px !important;margin-bottom: 0px !important;margin-left: 0px !important;background-image: url(https:\/\/www.kanzlei-plettenberg.de\/wp-content\/uploads\/2016\/04\/Sawatzki-AP1-neu.jpg?id=16313) !important;background-position: center !important;background-repeat: no-repeat !important;background-size: cover !important;}&#8221;][vc_empty_space height=&#8221;800&#8243; css=&#8221;.vc_custom_1481198953807{margin-top: 0px !important;margin-right: 0px !important;margin-bottom: 0px !important;margin-left: 0px !important;}&#8221;][\/vc_column][vc_column width=&#8221;2\/3&#8243; css=&#8221;.vc_custom_1461759736544{margin-right: 60px !important;margin-left: 60px !important;padding-right: 120px !important;}&#8221;][vc_separator type=&#8221;transparent&#8221; up=&#8221;32&#8243; down=&#8221;0&#8243;][vc_column_text]<\/p>\n<h3>ABOGADA &amp; RECHSTANW\u00c4LTIN (Abogada alemana)<br \/>\nALMUDENA VON PLETTENBERG<\/h3>\n<p>[\/vc_column_text][vc_separator type=&#8221;transparent&#8221; up=&#8221;32&#8243; down=&#8221;0&#8243;][vc_column_text]<\/p>\n<p style=\"text-align: justify;\" align=\"justify\"><span lang=\"es-ES\">Almudena von Plettenberg estudi\u00f3 Derecho en la Universidad Pontificia Comillas &#8211; ICADE &#8211; en Madrid, y en la Radboud University de Nijmegen, Holanda, cursando estudios complementarios en la London School of Economics, Londres, UK, y la Universidad de Georgetown en Washington DC, USA.<\/span><\/p>\n<p style=\"text-align: justify;\" align=\"justify\"><span lang=\"es-ES\">Desde su Licenciatura en 2004 comenz\u00f3 trabajando como abogada en Espa\u00f1a, principalmente en el sector inmobiliario espa\u00f1ol e internacional, especializ\u00e1ndose en Derecho Inmobiliario, Societario y Mercantil espa\u00f1ol. Desde 2009 vive principalmente en Alemania y asesora a clientes particulares e inversores institucionales en la compra y venta de bienes inmuebles en Espa\u00f1a, as\u00ed como a clientes espa\u00f1oles residentes en Alemania y empresas espa\u00f1olas con sucursal en Alemania o que realizan negocios y actividades empresariales en este mercado. En el campo del derecho alem\u00e1n trabaja principalmente en las \u00e1reas del Derecho Inmobiliario, el Derecho Laboral y el Derecho Societario y Mercantil.<\/span><\/p>\n<p style=\"text-align: justify;\">Su propio inter\u00e9s emprendedor la ha llevado tambi\u00e9n en estos \u00faltimos a\u00f1os a especializarse en el asesoramiento integral a start-ups y j\u00f3venes emprendedores.<\/p>\n<p style=\"text-align: justify;\" align=\"justify\"><span lang=\"es-ES\">Est\u00e1 colegiada en el Colegio de Abogados de Koblenz y en el Colegio de Abogados de Madrid. Es miembro de la Asociaci\u00f3n Alemana de Abogados y de la Asociaci\u00f3n Hispano-Alemana de Juristas (AHAJ).<\/span><\/p>\n<ul>\n<li style=\"text-align: justify;\">Idiomas: alem\u00e1n, espa\u00f1ol e ingl\u00e9s.<\/li>\n<\/ul>\n<p>&nbsp;<\/p>\n<p>Contacto: <a href=\"#\" class=\"mail-cloak-email\" data-email-method=\"matrix\" data-email-value=\"ds#ndqcohl-sohwwhqehuj.gh\" data-email-mailto=\"pdlowr:ds#ndqcohl-sohwwhqehuj.gh\" data-email-time=\"true\" data-email-delay=\"3\" data-placeholder=\"\u2022\u2022\u2022\u2022\u2022\u2022\u2022\u2022\u2022\u2022\u2022\u2022\u2022\u2022\u2022\u2022\u2022\u2022\u2022\u2022\u2022\u2022\u2022\u2022\u2022\">\u2022\u2022\u2022\u2022\u2022\u2022\u2022\u2022\u2022\u2022\u2022\u2022\u2022\u2022\u2022\u2022\u2022\u2022\u2022\u2022\u2022\u2022\u2022\u2022\u2022<\/a>[\/vc_column_text][vc_empty_space][\/vc_column][\/vc_row][vc_row row_type=&#8221;row&#8221; use_row_as_full_screen_section=&#8221;no&#8221; type=&#8221;full_width&#8221; angled_section=&#8221;no&#8221; text_align=&#8221;left&#8221; background_image_as_pattern=&#8221;without_pattern&#8221; css_animation=&#8221;&#8221;][vc_column]<div class=\"call_to_action normal\" style=\"background-color: #a29061;padding-top: 32px;padding-bottom: 32px;\"><div class=\"container_inner\"><div class=\"two_columns_75_25 clearfix\"><div class=\"text_wrapper column1\"><div class=\"call_to_action_text  font_size_inherit font_weight_inherit\" style=\"font-size:18px;font-weight: 300;\">Para cualquier consulta, no dude en contactarnos.<\/div><\/div><div class=\"button_wrapper column2\"><a itemprop=\"url\" href=\"\/contacto\" class=\"qbutton white \" target=\"_self\" style=\"color: #ffffff;background-color: #646520;\" data-hover-background-color=#a8a819 data-hover-color=#ffffff>Enviar mensaje<\/a><\/div><\/div><\/div><\/div>[\/vc_column][\/vc_row]<\/p>\n","protected":false},"excerpt":{"rendered":"<p>[vc_row row_type=&#8221;row&#8221; use_row_as_full_screen_section=&#8221;no&#8221; type=&#8221;full_width&#8221; angled_section=&#8221;no&#8221; text_align=&#8221;left&#8221; background_image_as_pattern=&#8221;without_pattern&#8221; background_color=&#8221;#dde0db&#8221; padding_bottom=&#8221;0&#8243; css_animation=&#8221;&#8221; css=&#8221;.vc_custom_1481801755500{margin-bottom: 0px !important;}&#8221;][vc_column][vc_empty_space][vc_single_image image=&#8221;16510&#8243; img_size=&#8221;medium&#8221; alignment=&#8221;center&#8221; qode_css_animation=&#8221;&#8221;][vc_separator type=&#8221;transparent&#8221; up=&#8221;26&#8243; down=&#8221;0&#8243;][vc_column_text] EL BUFETE [\/vc_column_text][vc_separator type=&#8221;normal&#8221; color=&#8221;#a29061&#8243; thickness=&#8221;3&#8243; up=&#8221;20&#8243; down=&#8221;0&#8243;][\/vc_column][\/vc_row][vc_row row_type=&#8221;row&#8221; use_row_as_full_screen_section=&#8221;no&#8221; type=&#8221;full_width&#8221; angled_section=&#8221;no&#8221; text_align=&#8221;left&#8221; background_image_as_pattern=&#8221;without_pattern&#8221; background_color=&#8221;#ffffff&#8221; padding_top=&#8221;0&#8243; padding_bottom=&#8221;0&#8243; css_animation=&#8221;&#8221; css=&#8221;.vc_custom_1481801831009{margin-top: 0px !important;padding-top: 0px !important;}&#8221;][vc_column css=&#8221;.vc_custom_1481801798025{margin-top: 0px&#8230;<\/p>\n","protected":false},"author":1,"featured_media":0,"parent":0,"menu_order":0,"comment_status":"closed","ping_status":"closed","template":"full_width.php","meta":{"footnotes":""},"class_list":["post-15528","page","type-page","status-publish","hentry"],"yoast_head":"<!-- This site is optimized with the Yoast SEO plugin v16.0.2 - https:\/\/yoast.com\/wordpress\/plugins\/seo\/ -->\n<title>Los Socios - Dr. Graf v. Plettenberg<\/title>\n<link rel=\"canonical\" href=\"https:\/\/www.kanzlei-plettenberg.de\/es\/los-socios\" \/>\n<meta property=\"og:locale\" content=\"en_US\" \/>\n<meta property=\"og:type\" content=\"article\" \/>\n<meta property=\"og:title\" content=\"Los Socios - Dr. Graf v. Plettenberg\" \/>\n<meta property=\"og:description\" content=\"[vc_row row_type=&#8221;row&#8221; use_row_as_full_screen_section=&#8221;no&#8221; type=&#8221;full_width&#8221; angled_section=&#8221;no&#8221; text_align=&#8221;left&#8221; background_image_as_pattern=&#8221;without_pattern&#8221; background_color=&#8221;#dde0db&#8221; padding_bottom=&#8221;0&#8243; css_animation=&#8221;&#8221; css=&#8221;.vc_custom_1481801755500{margin-bottom: 0px !important;}&#8221;][vc_column][vc_empty_space][vc_single_image image=&#8221;16510&#8243; img_size=&#8221;medium&#8221; alignment=&#8221;center&#8221; qode_css_animation=&#8221;&#8221;][vc_separator type=&#8221;transparent&#8221; up=&#8221;26&#8243; down=&#8221;0&#8243;][vc_column_text] EL BUFETE [\/vc_column_text][vc_separator type=&#8221;normal&#8221; color=&#8221;#a29061&#8243; thickness=&#8221;3&#8243; up=&#8221;20&#8243; down=&#8221;0&#8243;][\/vc_column][\/vc_row][vc_row row_type=&#8221;row&#8221; use_row_as_full_screen_section=&#8221;no&#8221; type=&#8221;full_width&#8221; angled_section=&#8221;no&#8221; text_align=&#8221;left&#8221; background_image_as_pattern=&#8221;without_pattern&#8221; background_color=&#8221;#ffffff&#8221; padding_top=&#8221;0&#8243; padding_bottom=&#8221;0&#8243; css_animation=&#8221;&#8221; css=&#8221;.vc_custom_1481801831009{margin-top: 0px !important;padding-top: 0px !important;}&#8221;][vc_column css=&#8221;.vc_custom_1481801798025{margin-top: 0px...\" \/>\n<meta property=\"og:url\" content=\"https:\/\/www.kanzlei-plettenberg.de\/es\/los-socios\" \/>\n<meta property=\"og:site_name\" content=\"Dr. Graf v. Plettenberg\" \/>\n<meta property=\"article:modified_time\" content=\"2017-09-13T14:37:04+00:00\" \/>\n<meta name=\"twitter:card\" content=\"summary_large_image\" \/>\n<meta name=\"twitter:label1\" content=\"Est. reading time\">\n\t<meta name=\"twitter:data1\" content=\"7 minutes\">\n<script type=\"application\/ld+json\" class=\"yoast-schema-graph\">{\"@context\":\"https:\/\/schema.org\",\"@graph\":[{\"@type\":\"Organization\",\"@id\":\"https:\/\/www.kanzlei-plettenberg.de\/es\/#organization\",\"name\":\"Dr. Graf von Plettenberg\",\"url\":\"https:\/\/www.kanzlei-plettenberg.de\/es\/\",\"sameAs\":[],\"logo\":{\"@type\":\"ImageObject\",\"@id\":\"https:\/\/www.kanzlei-plettenberg.de\/es\/#logo\",\"inLanguage\":\"en-US\",\"url\":\"https:\/\/www.kanzlei-plettenberg.de\/wp-content\/uploads\/2016\/12\/FINAL-Logo-Plettenberg-mit-Unterzeile-1.png\",\"width\":352,\"height\":267,\"caption\":\"Dr. Graf von Plettenberg\"},\"image\":{\"@id\":\"https:\/\/www.kanzlei-plettenberg.de\/es\/#logo\"}},{\"@type\":\"WebSite\",\"@id\":\"https:\/\/www.kanzlei-plettenberg.de\/es\/#website\",\"url\":\"https:\/\/www.kanzlei-plettenberg.de\/es\/\",\"name\":\"Dr. Graf v. Plettenberg\",\"description\":\"Rechtsanw\\u00e4lte und Abagados\",\"publisher\":{\"@id\":\"https:\/\/www.kanzlei-plettenberg.de\/es\/#organization\"},\"potentialAction\":[{\"@type\":\"SearchAction\",\"target\":\"https:\/\/www.kanzlei-plettenberg.de\/es\/?s={search_term_string}\",\"query-input\":\"required name=search_term_string\"}],\"inLanguage\":\"en-US\"},{\"@type\":\"WebPage\",\"@id\":\"https:\/\/www.kanzlei-plettenberg.de\/es\/los-socios#webpage\",\"url\":\"https:\/\/www.kanzlei-plettenberg.de\/es\/los-socios\",\"name\":\"Los Socios - Dr. Graf v. Plettenberg\",\"isPartOf\":{\"@id\":\"https:\/\/www.kanzlei-plettenberg.de\/es\/#website\"},\"datePublished\":\"2016-04-27T08:14:50+00:00\",\"dateModified\":\"2017-09-13T14:37:04+00:00\",\"breadcrumb\":{\"@id\":\"https:\/\/www.kanzlei-plettenberg.de\/es\/los-socios#breadcrumb\"},\"inLanguage\":\"en-US\",\"potentialAction\":[{\"@type\":\"ReadAction\",\"target\":[\"https:\/\/www.kanzlei-plettenberg.de\/es\/los-socios\"]}]},{\"@type\":\"BreadcrumbList\",\"@id\":\"https:\/\/www.kanzlei-plettenberg.de\/es\/los-socios#breadcrumb\",\"itemListElement\":[{\"@type\":\"ListItem\",\"position\":1,\"item\":{\"@type\":\"WebPage\",\"@id\":\"https:\/\/www.kanzlei-plettenberg.de\/es\/\",\"url\":\"https:\/\/www.kanzlei-plettenberg.de\/es\/\",\"name\":\"Startseite\"}},{\"@type\":\"ListItem\",\"position\":2,\"item\":{\"@type\":\"WebPage\",\"@id\":\"https:\/\/www.kanzlei-plettenberg.de\/es\/los-socios\",\"url\":\"https:\/\/www.kanzlei-plettenberg.de\/es\/los-socios\",\"name\":\"Los Socios\"}}]}]}<\/script>\n<!-- \/ Yoast SEO plugin. -->","_links":{"self":[{"href":"https:\/\/www.kanzlei-plettenberg.de\/es\/wp-json\/wp\/v2\/pages\/15528","targetHints":{"allow":["GET"]}}],"collection":[{"href":"https:\/\/www.kanzlei-plettenberg.de\/es\/wp-json\/wp\/v2\/pages"}],"about":[{"href":"https:\/\/www.kanzlei-plettenberg.de\/es\/wp-json\/wp\/v2\/types\/page"}],"author":[{"embeddable":true,"href":"https:\/\/www.kanzlei-plettenberg.de\/es\/wp-json\/wp\/v2\/users\/1"}],"replies":[{"embeddable":true,"href":"https:\/\/www.kanzlei-plettenberg.de\/es\/wp-json\/wp\/v2\/comments?post=15528"}],"version-history":[{"count":319,"href":"https:\/\/www.kanzlei-plettenberg.de\/es\/wp-json\/wp\/v2\/pages\/15528\/revisions"}],"predecessor-version":[{"id":16615,"href":"https:\/\/www.kanzlei-plettenberg.de\/es\/wp-json\/wp\/v2\/pages\/15528\/revisions\/16615"}],"wp:attachment":[{"href":"https:\/\/www.kanzlei-plettenberg.de\/es\/wp-json\/wp\/v2\/media?parent=15528"}],"curies":[{"name":"wp","href":"https:\/\/api.w.org\/{rel}","templated":true}]}}