{"id":14869,"date":"2014-05-20T07:51:11","date_gmt":"2014-05-20T07:51:11","guid":{"rendered":"http:\/\/demo.qodeinteractive.com\/bridge93\/?page_id=14869"},"modified":"2019-02-20T20:09:39","modified_gmt":"2019-02-20T20:09:39","slug":"home","status":"publish","type":"page","link":"https:\/\/www.kanzlei-plettenberg.de\/es\/","title":{"rendered":"Home"},"content":{"rendered":"<p>[vc_row row_type=&#8221;parallax&#8221; parallax_content_width=&#8221;full_width&#8221; in_content_menu=&#8221;in_content_menu&#8221; content_menu_icon=&#8221;&#8221; text_align=&#8221;left&#8221; full_screen_section_height=&#8221;no&#8221;][vc_column][layerslider_vc id=&#8221;2&#8243;][vc_separator type=&#8221;normal&#8221; color=&#8221;#a29061&#8243; thickness=&#8221;3&#8243; up=&#8221;0&#8243; down=&#8221;0&#8243;][\/vc_column][\/vc_row][vc_row row_type=&#8221;row&#8221; use_row_as_full_screen_section=&#8221;no&#8221; type=&#8221;grid&#8221; angled_section=&#8221;no&#8221; text_align=&#8221;center&#8221; background_image_as_pattern=&#8221;without_pattern&#8221; background_color=&#8221;#dde0db&#8221; padding_top=&#8221;40&#8243; padding_bottom=&#8221;40&#8243; css_animation=&#8221;&#8221;][vc_column][vc_single_image image=&#8221;16510&#8243; img_size=&#8221;large&#8221; alignment=&#8221;center&#8221; qode_css_animation=&#8221;&#8221;][vc_separator type=&#8221;transparent&#8221; up=&#8221;26&#8243; down=&#8221;0&#8243;][vc_column_text]<\/p>\n<h2 style=\"text-align: center;\">BIENVENIDO<\/h2>\n<p>[\/vc_column_text][vc_separator type=&#8221;small&#8221; position=&#8221;center&#8221; color=&#8221;#a29061&#8243; up=&#8221;20&#8243; down=&#8221;20&#8243;][vc_column_text]<\/p>\n<p style=\"text-align: center;\" align=\"justify\"><span lang=\"es-ES\">Le damos la bienvenida a nuestra p\u00e1gina web, en la que encontrar\u00e1 una breve presentaci\u00f3n de nuestro bufete de abogados, los socios del mismo, y las \u00e1reas del derecho en las que principalmente prestamos nuestro asesoramiento. <\/span><\/p>\n<p style=\"text-align: center;\" align=\"justify\"><span lang=\"es-ES\">Nuestro principal objetivo es ayudar y apoyar a nuestros clientes en todos los aspectos jur\u00eddicos necesarios relacionados con sus negocios, sean \u00e9stos de naturaleza privada o empresarial. Tenemos una amplia experiencia, tanto en derecho espa\u00f1ol, como en derecho alem\u00e1n, y en estos \u00faltimos a\u00f1os nos hemos especializado en el asesoramiento de particulares y empresas con intereses y actividad en ambos pa\u00edses. Esto hace necesario un amplio y profundo conocimiento de cada uno de los sistemas jur\u00eddicos, sus similitudes, pero sobre todo sus diferencias, de cara a ofrecer a nuestros clientes un asesoramiento integral, que les ofrezca la mayor seguridad jur\u00eddica posible, pero buscando siempre la soluci\u00f3n m\u00e1s eficiente desde un punto de vista pr\u00e1ctico y econ\u00f3mico. <\/span><\/p>\n<p style=\"text-align: center;\" align=\"justify\"><span lang=\"es-ES\">Tambi\u00e9n asesoramos a clientes alemanes con intereses y actividad empresarial en los pa\u00edses de habla hispana de Am\u00e9rica Latina, as\u00ed como a empresas latinoamericanas con negocios en Alemania.<\/span><\/p>\n<p style=\"text-align: center;\" align=\"justify\"><span lang=\"es-ES\">Inf\u00f3rmese en las siguientes p\u00e1ginas de las distintas \u00e1reas del derecho en las que podemos prestarle nuestro asesoramiento. Para cualquier consulta quedamos a su disposici\u00f3n.<\/span><\/p>\n<p>&nbsp;<\/p>\n<p style=\"text-align: center;\"><em>Almudena von Plettenberg<\/em><\/p>\n<p>[\/vc_column_text][vc_empty_space][\/vc_column][\/vc_row][vc_row row_type=&#8221;row&#8221; use_row_as_full_screen_section=&#8221;no&#8221; type=&#8221;grid&#8221; angled_section=&#8221;no&#8221; text_align=&#8221;left&#8221; background_image_as_pattern=&#8221;without_pattern&#8221; background_color=&#8221;#ffffff&#8221; padding_top=&#8221;60&#8243; css_animation=&#8221;&#8221;][vc_column][vc_column_text css=&#8221;.vc_custom_1472467589403{background-color: #ffffff !important;}&#8221;]<\/p>\n<h1 style=\"text-align: center;\">El Bufete<\/h1>\n<p>[\/vc_column_text][\/vc_column][\/vc_row][vc_row row_type=&#8221;row&#8221; use_row_as_full_screen_section=&#8221;no&#8221; type=&#8221;grid&#8221; angled_section=&#8221;no&#8221; text_align=&#8221;left&#8221; background_image_as_pattern=&#8221;without_pattern&#8221; background_color=&#8221;#ffffff&#8221; padding_top=&#8221;32&#8243; padding_bottom=&#8221;100&#8243; css_animation=&#8221;&#8221;][vc_column width=&#8221;1\/3&#8243;][vc_column_text]<\/p>\n<p lang=\"es-ES\" align=\"justify\"><span class='q_dropcap normal' style=' color: #646520;font-size: 72px;'>E<\/span><span lang=\"es-ES\">l bufete de abogados Dr. jur. utr. Graf v. Plettenberg asesora a sus clientes de manera integral desde hace m\u00e1s de 30 a\u00f1os. Entre nuestros clientes se encuentran peque\u00f1as y medianas empresas, as\u00ed como particulares y familias, a muchas de las cuales asesoramos desde hace muchos a\u00f1os: incluso a trav\u00e9s de un cambio generacional dentro de la estructura familiar y\/o empresarial.<\/span><\/p>\n<p align=\"justify\"><span lang=\"es-ES\">Por asesoramiento integral entendemos, por un lado, la representaci\u00f3n legal de nuestros clientes ante juzgados, administraciones y otras instituciones, como abogados con una amplia experiencia en numerosas \u00e1reas del derecho, tambi\u00e9n en colaboraci\u00f3n con expertos reconocidos en una materia concreta cuando el caso de que se trate as\u00ed lo requiera.<\/span><\/p>\n<p>[\/vc_column_text][\/vc_column][vc_column width=&#8221;1\/3&#8243;][vc_column_text]<\/p>\n<p align=\"justify\"><span lang=\"es-ES\">Por otro lado, el asesoramiento jur\u00eddico a nuestros clientes en relaci\u00f3n con cualquier negocio que quieran o vayan a realizar, analizando los posibles riesgos de una operaci\u00f3n, y las ventajas o desventajas, dependiendo de las estructuras legales posibles. En cualquier caso, realizamos siempre nuestro trabajo adaptando cada soluci\u00f3n a cada problema concreto.<\/span><\/p>\n<p align=\"justify\"><span lang=\"es-ES\">Esta especial relaci\u00f3n de confianza y conocimiento de nuestros clientes hacen posible que el asesoramiento prestado vaya m\u00e1s all\u00e1 de la consulta concreta o del problema legal espec\u00edfico. As\u00ed, nuestros clientes se benefician no s\u00f3lo de una evaluaci\u00f3n realista de las posibilidades de \u00e9xito en cada caso, sino tambi\u00e9n de consideraciones relativas a la rentabilidad y eficiencia de costes en relaci\u00f3n con las distintas opciones de resoluci\u00f3n de un problema concreto.<\/span><\/p>\n<p>[\/vc_column_text][\/vc_column][vc_column width=&#8221;1\/3&#8243;][vc_column_text]<\/p>\n<p align=\"justify\"><span lang=\"es-ES\">M\u00e1s all\u00e1 de lo anterior, la especial sensibilizaci\u00f3n con las circunstancias del cliente, sea \u00e9ste particular o empresa, nos ayuda en muchas ocasiones a anticipar oportunamente problemas espec\u00edficos, de manera que con el planteamiento adecuado, se consiguen evitar con \u00e9xito numerosas situaciones de conflicto o problemas posteriores.<\/span><\/p>\n<p align=\"justify\"><span lang=\"es-ES\">Este enfoque global, en combinaci\u00f3n con la relaci\u00f3n de continuidad y confianza que mantenemos con nuestros clientes, son para nosotros la base de un buen asesoramiento, que a menudo va mucho m\u00e1s all\u00e1 de la labor jur\u00eddica pura y dura.<\/span><\/p>\n<p>[\/vc_column_text][vc_separator type=&#8221;normal&#8221; color=&#8221;#646520&#8243; thickness=&#8221;8&#8243; up=&#8221;40&#8243; down=&#8221;0&#8243;][\/vc_column][\/vc_row][vc_row row_type=&#8221;row&#8221; use_row_as_full_screen_section=&#8221;no&#8221; type=&#8221;grid&#8221; angled_section=&#8221;no&#8221; text_align=&#8221;left&#8221; background_image_as_pattern=&#8221;without_pattern&#8221; background_color=&#8221;#dde0db&#8221; padding_top=&#8221;60&#8243; padding_bottom=&#8221;60&#8243; css_animation=&#8221;&#8221;][vc_column][vc_column_text]<\/p>\n<h1 style=\"text-align: center;\">\u00c1reas de Ejercicio<\/h1>\n<p>[\/vc_column_text][\/vc_column][\/vc_row][vc_row row_type=&#8221;row&#8221; use_row_as_full_screen_section=&#8221;no&#8221; type=&#8221;grid&#8221; angled_section=&#8221;no&#8221; text_align=&#8221;center&#8221; background_image_as_pattern=&#8221;without_pattern&#8221; background_color=&#8221;#ffffff&#8221; padding_bottom=&#8221;32&#8243; css_animation=&#8221;&#8221; css=&#8221;.vc_custom_1463078863172{background-color: #dde0db !important;}&#8221; el_class=&#8221;equal-height-content&#8221;][vc_column width=&#8221;1\/3&#8243; el_class=&#8221;zivilrecht&#8221;]<div class='q_icon_with_title medium circle center '><div class=\"icon_holder q_icon_animation\" style=\" \"><a itemprop=\"url\" href=\"...\/areas-de-ejercicio#civil\" target=\"\" class=\"q_icon_link\"><span data-icon-type=\"circle\" data-icon-hover-color=\"#cecece\"  class=\"qode_iwt_icon_holder fa-stack fa-3x  \" style=\"border-color: #ffffff;\"><i class=\"qode_icon_font_awesome fa fa-balance-scale qode_iwt_icon_element\" style=\"color: #7b992f;\" ><\/i><\/span><\/a><\/div><div class=\"icon_text_holder\" style=\"\"><div class=\"icon_text_inner\" style=\"\"><h5 class=\"icon_title\" style=\"color: #646520;font-weight: 300;\">DERECHO CIVIL<br \/>\nALEM\u00c1N<\/h5><p style=''>Este \u00e1rea engloba desde reclamaciones de cantidad por da\u00f1os y perjuicios, hasta el derecho aplicable al r\u00e9gimen de la compraventa o al contrato de obra.<\/p><a itemprop='url' class='icon_with_title_link' href='...\/areas-de-ejercicio#civil' target='_self' style=''>Leer m\u00e1s<\/a><\/div><\/div><\/div>[\/vc_column][vc_column width=&#8221;1\/3&#8243; el_class=&#8221;immobilienrecht&#8221;]<div class='q_icon_with_title medium circle center '><div class=\"icon_holder q_icon_animation\" style=\" transition-delay: 10ms; -webkit-transition-delay: 10ms; -moz-transition-delay: 10ms; -o-transition-delay: 10ms;\"><a itemprop=\"url\" href=\"...\/areas-de-ejercicio#immobiliario\" target=\"\" class=\"q_icon_link\"><span data-icon-type=\"circle\" data-icon-hover-color=\"#cecece\"  class=\"qode_iwt_icon_holder fa-stack fa-3x  \" style=\"border-color: #ffffff;\"><i class=\"qode_icon_font_awesome fa fa-home qode_iwt_icon_element\" style=\"color: #7b992f;\" ><\/i><\/span><\/a><\/div><div class=\"icon_text_holder\" style=\"\"><div class=\"icon_text_inner\" style=\"\"><h5 class=\"icon_title\" style=\"color: #646520;font-weight: 300;\">DERECHO INMOBILIARIO<br \/>\nALEM\u00c1N<\/h5><p style=''>Este \u00e1rea del derecho engloba diferentes disciplinas, entre las que se encuentran el derecho de arrendamiento alem\u00e1n, tanto de local de negocio como de vivienda.<\/p><a itemprop='url' class='icon_with_title_link' href='...\/areas-de-ejercicio#immobiliario' target='_self' style=''>Leer m\u00e1s<\/a><\/div><\/div><\/div>[\/vc_column][vc_column width=&#8221;1\/3&#8243; el_class=&#8221;arbeitsrecht&#8221;]<div class='q_icon_with_title medium circle center '><div class=\"icon_holder q_icon_animation\" style=\"margin: 5; \"><a itemprop=\"url\" href=\"...\/areas-de-ejercicio#mercantil\" target=\"\" class=\"q_icon_link\"><span data-icon-type=\"circle\" data-icon-hover-color=\"#cecece\"  class=\"qode_iwt_icon_holder fa-stack fa-3x  \" style=\"border-color: #ffffff;\"><i class=\"qode_icon_font_awesome fa fa-arrows-alt qode_iwt_icon_element\" style=\"color: #7b992f;\" ><\/i><\/span><\/a><\/div><div class=\"icon_text_holder\" style=\"\"><div class=\"icon_text_inner\" style=\"\"><h5 class=\"icon_title\" style=\"color: #646520;font-weight: 300;\">DERECHO MERCANTIL Y<br \/>\nSOCIETARIO ALEM\u00c1N<\/h5><p style=''>El derecho mercantil es aquella rama del derecho privado que regula el conjunto de normas relativas a los comerciantes en el ejercicio de su profesi\u00f3n, <\/p><a itemprop='url' class='icon_with_title_link' href='...\/areas-de-ejercicio#mercantil' target='_self' style=''>Leer m\u00e1s<\/a><\/div><\/div><\/div>[\/vc_column][\/vc_row][vc_row row_type=&#8221;row&#8221; use_row_as_full_screen_section=&#8221;no&#8221; type=&#8221;grid&#8221; angled_section=&#8221;no&#8221; text_align=&#8221;center&#8221; background_image_as_pattern=&#8221;without_pattern&#8221; background_color=&#8221;#ffffff&#8221; padding_bottom=&#8221;32&#8243; css_animation=&#8221;&#8221; css=&#8221;.vc_custom_1462897232290{background-color: #dde0db !important;}&#8221;][vc_column width=&#8221;1\/3&#8243; el_class=&#8221;wettbewerbsrecht&#8221;]<div class='q_icon_with_title medium circle center '><div class=\"icon_holder q_icon_animation\" style=\"margin: 5; \"><a itemprop=\"url\" href=\"...\/areas-de-ejercicio#sucesiones\" target=\"\" class=\"q_icon_link\"><span data-icon-type=\"circle\" data-icon-hover-color=\"#cecece\"  class=\"qode_iwt_icon_holder fa-stack fa-3x  \" style=\"border-color: #ffffff;\"><i class=\"qode_icon_font_awesome fa fa-users qode_iwt_icon_element\" style=\"color: #7b992f;\" ><\/i><\/span><\/a><\/div><div class=\"icon_text_holder\" style=\"\"><div class=\"icon_text_inner\" style=\"\"><h5 class=\"icon_title\" style=\"color: #646520;font-weight: 300;\">DERECHO DE SUCESIONES<br \/>\nALEM\u00c1N<\/h5><p style=''>Si trabaja Ud. en Alemania, le asesoramos integralmente respecto de su contrato de trabajo y su situaci\u00f3n laboral, y en caso de despido defendemos sus intereses a nivel judicial, si fuera necesario.<\/p><a itemprop='url' class='icon_with_title_link' href='...\/areas-de-ejercicio#sucesiones' target='_self' style=''>Leer m\u00e1s<\/a><\/div><\/div><\/div>[vc_separator type=&#8221;transparent&#8221; up=&#8221;40&#8243; down=&#8221;0&#8243;][\/vc_column][vc_column width=&#8221;1\/3&#8243; el_class=&#8221;erbrecht&#8221;]<div class='q_icon_with_title medium circle center '><div class=\"icon_holder q_icon_animation\" style=\"margin: 5; transition-delay: 2ms; -webkit-transition-delay: 2ms; -moz-transition-delay: 2ms; -o-transition-delay: 2ms;\"><a itemprop=\"url\" href=\"...\/areas-de-ejercicio#laboral\" target=\"\" class=\"q_icon_link\"><span data-icon-type=\"circle\" data-icon-hover-color=\"#cecece\"  class=\"qode_iwt_icon_holder fa-stack fa-3x  \" style=\"border-color: #ffffff;\"><i class=\"qode_icon_font_awesome fa fa-cogs qode_iwt_icon_element\" style=\"color: #7b992f;\" ><\/i><\/span><\/a><\/div><div class=\"icon_text_holder\" style=\"\"><div class=\"icon_text_inner\" style=\"\"><h5 class=\"icon_title\" style=\"color: #646520;font-weight: 300;\">DERECHO LABORAL<br \/>\nALEM\u00c1N<\/h5><p style=''>\u00c9sta es una de las \u00e1reas del derecho en la que nuestro bufete de abogados se ha especializado en los \u00faltimos a\u00f1os. <\/p><a itemprop='url' class='icon_with_title_link' href='...\/areas-de-ejercicio#laboral' target='_self' style=''>Leer m\u00e1s<\/a><\/div><\/div><\/div>[vc_separator type=&#8221;transparent&#8221; up=&#8221;40&#8243; down=&#8221;0&#8243;][\/vc_column][vc_column width=&#8221;1\/3&#8243; el_class=&#8221;betreungsrecht&#8221;]<div class='q_icon_with_title medium circle center '><div class=\"icon_holder q_icon_animation\" style=\"margin: 5; \"><a itemprop=\"url\" href=\"...\/areas-de-ejercicio#Competencia\" target=\"\" class=\"q_icon_link\"><span data-icon-type=\"circle\" data-icon-hover-color=\"#cecece\"  class=\"qode_iwt_icon_holder fa-stack fa-3x  \" style=\"border-color: #ffffff;\"><i class=\"qode_icon_font_awesome fa fa-bar-chart qode_iwt_icon_element\" style=\"color: #7b992f;\" ><\/i><\/span><\/a><\/div><div class=\"icon_text_holder\" style=\"\"><div class=\"icon_text_inner\" style=\"\"><h5 class=\"icon_title\" style=\"color: #646520;font-weight: 300;\">DERECHO DE LA<br \/>\nCOMPETENCIA DESLEAL<\/h5><p style=''>El denominado Wettbewerbsrecht equivale grosso modo al bloque de normas jur\u00eddicas que configuran el derecho de la competencia desleal.<\/p><a itemprop='url' class='icon_with_title_link' href='...\/areas-de-ejercicio#Competencia' target='_self' style=''>Leer m\u00e1s<\/a><\/div><\/div><\/div>[vc_separator type=&#8221;transparent&#8221; up=&#8221;40&#8243; down=&#8221;0&#8243;][\/vc_column][\/vc_row][vc_row row_type=&#8221;row&#8221; use_row_as_full_screen_section=&#8221;no&#8221; type=&#8221;full_width&#8221; angled_section=&#8221;no&#8221; text_align=&#8221;left&#8221; background_image_as_pattern=&#8221;without_pattern&#8221; css_animation=&#8221;&#8221;][vc_column]<div class=\"call_to_action normal\" style=\"background-color: #a29061;padding-top: 32px;padding-bottom: 32px;\"><div class=\"container_inner\"><div class=\"two_columns_75_25 clearfix\"><div class=\"text_wrapper column1\"><div class=\"call_to_action_text  font_size_inherit font_weight_inherit\" style=\"font-size:18px;font-weight: 300;\">Para cualquier consulta, no dude en contactarnos.<\/div><\/div><div class=\"button_wrapper column2\"><a itemprop=\"url\" href=\"\/contacto\" class=\"qbutton white \" target=\"_self\" style=\"color: #dde0db;background-color: #646520;\" data-hover-background-color=#a8a819 data-hover-color=#646520>Enviar mensaje<\/a><\/div><\/div><\/div><\/div>[\/vc_column][\/vc_row][vc_row row_type=&#8221;row&#8221; use_row_as_full_screen_section=&#8221;no&#8221; type=&#8221;full_width&#8221; angled_section=&#8221;no&#8221; text_align=&#8221;left&#8221; background_image_as_pattern=&#8221;without_pattern&#8221; css_animation=&#8221;&#8221;][vc_column]<div class='google_map_shortcode_holder' style='height:466px;'><div class='qode_google_map' style='height:466px;' id='map_canvas_30042' data-addresses='[\" Dr.-Karl-Aschoff-Stra\u00dfe 6, 55543 Bad Kreuznach\"]' data-custom-map-style='true' data-color-overlay='#dde0db' data-saturation='-80' data-lightness='10' data-zoom='8' data-pin='https:\/\/www.kanzlei-plettenberg.de\/wp-content\/uploads\/2014\/05\/Location-Pin.png' data-unique-id='30042' data-google-maps-scroll-wheel='false' data-snazzy-map-style='no' data-map-height='466'><\/div><div class='google_map_shortcode_overlay'><\/div><\/div>[\/vc_column][\/vc_row]<\/p>\n","protected":false},"excerpt":{"rendered":"<p>[vc_row row_type=&#8221;parallax&#8221; parallax_content_width=&#8221;full_width&#8221; in_content_menu=&#8221;in_content_menu&#8221; content_menu_icon=&#8221;&#8221; text_align=&#8221;left&#8221; full_screen_section_height=&#8221;no&#8221;][vc_column][layerslider_vc id=&#8221;2&#8243;][vc_separator type=&#8221;normal&#8221; color=&#8221;#a29061&#8243; thickness=&#8221;3&#8243; up=&#8221;0&#8243; down=&#8221;0&#8243;][\/vc_column][\/vc_row][vc_row row_type=&#8221;row&#8221; use_row_as_full_screen_section=&#8221;no&#8221; type=&#8221;grid&#8221; angled_section=&#8221;no&#8221; text_align=&#8221;center&#8221; background_image_as_pattern=&#8221;without_pattern&#8221; background_color=&#8221;#dde0db&#8221; padding_top=&#8221;40&#8243; padding_bottom=&#8221;40&#8243; css_animation=&#8221;&#8221;][vc_column][vc_single_image image=&#8221;16510&#8243; img_size=&#8221;large&#8221; alignment=&#8221;center&#8221; qode_css_animation=&#8221;&#8221;][vc_separator type=&#8221;transparent&#8221; up=&#8221;26&#8243; down=&#8221;0&#8243;][vc_column_text] BIENVENIDO [\/vc_column_text][vc_separator type=&#8221;small&#8221; position=&#8221;center&#8221; color=&#8221;#a29061&#8243; up=&#8221;20&#8243; down=&#8221;20&#8243;][vc_column_text] Le damos la bienvenida a nuestra p\u00e1gina web,&#8230;<\/p>\n","protected":false},"author":1,"featured_media":0,"parent":0,"menu_order":0,"comment_status":"open","ping_status":"open","template":"full_width.php","meta":{"footnotes":""},"class_list":["post-14869","page","type-page","status-publish","hentry"],"yoast_head":"<!-- This site is optimized with the Yoast SEO plugin v16.0.2 - https:\/\/yoast.com\/wordpress\/plugins\/seo\/ -->\n<title>Home - Dr. Graf v. Plettenberg<\/title>\n<link rel=\"canonical\" href=\"https:\/\/www.kanzlei-plettenberg.de\/es\/\" \/>\n<meta property=\"og:locale\" content=\"en_US\" \/>\n<meta property=\"og:type\" content=\"article\" \/>\n<meta property=\"og:title\" content=\"Home - Dr. Graf v. Plettenberg\" \/>\n<meta property=\"og:description\" content=\"[vc_row row_type=&#8221;parallax&#8221; parallax_content_width=&#8221;full_width&#8221; in_content_menu=&#8221;in_content_menu&#8221; content_menu_icon=&#8221;&#8221; text_align=&#8221;left&#8221; full_screen_section_height=&#8221;no&#8221;][vc_column][layerslider_vc id=&#8221;2&#8243;][vc_separator type=&#8221;normal&#8221; color=&#8221;#a29061&#8243; thickness=&#8221;3&#8243; up=&#8221;0&#8243; down=&#8221;0&#8243;][\/vc_column][\/vc_row][vc_row row_type=&#8221;row&#8221; use_row_as_full_screen_section=&#8221;no&#8221; type=&#8221;grid&#8221; angled_section=&#8221;no&#8221; text_align=&#8221;center&#8221; background_image_as_pattern=&#8221;without_pattern&#8221; background_color=&#8221;#dde0db&#8221; padding_top=&#8221;40&#8243; padding_bottom=&#8221;40&#8243; css_animation=&#8221;&#8221;][vc_column][vc_single_image image=&#8221;16510&#8243; img_size=&#8221;large&#8221; alignment=&#8221;center&#8221; qode_css_animation=&#8221;&#8221;][vc_separator type=&#8221;transparent&#8221; up=&#8221;26&#8243; down=&#8221;0&#8243;][vc_column_text] BIENVENIDO [\/vc_column_text][vc_separator type=&#8221;small&#8221; position=&#8221;center&#8221; color=&#8221;#a29061&#8243; up=&#8221;20&#8243; down=&#8221;20&#8243;][vc_column_text] Le damos la bienvenida a nuestra p\u00e1gina web,...\" \/>\n<meta property=\"og:url\" content=\"https:\/\/www.kanzlei-plettenberg.de\/es\/\" \/>\n<meta property=\"og:site_name\" content=\"Dr. Graf v. Plettenberg\" \/>\n<meta property=\"article:modified_time\" content=\"2019-02-20T20:09:39+00:00\" \/>\n<meta name=\"twitter:card\" content=\"summary_large_image\" \/>\n<meta name=\"twitter:label1\" content=\"Est. reading time\">\n\t<meta name=\"twitter:data1\" content=\"9 minutes\">\n<script type=\"application\/ld+json\" class=\"yoast-schema-graph\">{\"@context\":\"https:\/\/schema.org\",\"@graph\":[{\"@type\":\"Organization\",\"@id\":\"https:\/\/www.kanzlei-plettenberg.de\/es\/#organization\",\"name\":\"Dr. Graf von Plettenberg\",\"url\":\"https:\/\/www.kanzlei-plettenberg.de\/es\/\",\"sameAs\":[],\"logo\":{\"@type\":\"ImageObject\",\"@id\":\"https:\/\/www.kanzlei-plettenberg.de\/es\/#logo\",\"inLanguage\":\"en-US\",\"url\":\"https:\/\/www.kanzlei-plettenberg.de\/wp-content\/uploads\/2016\/12\/FINAL-Logo-Plettenberg-mit-Unterzeile-1.png\",\"width\":352,\"height\":267,\"caption\":\"Dr. Graf von Plettenberg\"},\"image\":{\"@id\":\"https:\/\/www.kanzlei-plettenberg.de\/es\/#logo\"}},{\"@type\":\"WebSite\",\"@id\":\"https:\/\/www.kanzlei-plettenberg.de\/es\/#website\",\"url\":\"https:\/\/www.kanzlei-plettenberg.de\/es\/\",\"name\":\"Dr. Graf v. Plettenberg\",\"description\":\"Rechtsanw\\u00e4lte und Abagados\",\"publisher\":{\"@id\":\"https:\/\/www.kanzlei-plettenberg.de\/es\/#organization\"},\"potentialAction\":[{\"@type\":\"SearchAction\",\"target\":\"https:\/\/www.kanzlei-plettenberg.de\/es\/?s={search_term_string}\",\"query-input\":\"required name=search_term_string\"}],\"inLanguage\":\"en-US\"},{\"@type\":\"WebPage\",\"@id\":\"https:\/\/www.kanzlei-plettenberg.de\/es\/#webpage\",\"url\":\"https:\/\/www.kanzlei-plettenberg.de\/es\/\",\"name\":\"Home - Dr. Graf v. Plettenberg\",\"isPartOf\":{\"@id\":\"https:\/\/www.kanzlei-plettenberg.de\/es\/#website\"},\"datePublished\":\"2014-05-20T07:51:11+00:00\",\"dateModified\":\"2019-02-20T20:09:39+00:00\",\"breadcrumb\":{\"@id\":\"https:\/\/www.kanzlei-plettenberg.de\/es\/#breadcrumb\"},\"inLanguage\":\"en-US\",\"potentialAction\":[{\"@type\":\"ReadAction\",\"target\":[\"https:\/\/www.kanzlei-plettenberg.de\/es\/\"]}]},{\"@type\":\"BreadcrumbList\",\"@id\":\"https:\/\/www.kanzlei-plettenberg.de\/es\/#breadcrumb\",\"itemListElement\":[{\"@type\":\"ListItem\",\"position\":1,\"item\":{\"@type\":\"WebPage\",\"@id\":\"https:\/\/www.kanzlei-plettenberg.de\/es\/\",\"url\":\"https:\/\/www.kanzlei-plettenberg.de\/es\/\",\"name\":\"Startseite\"}},{\"@type\":\"ListItem\",\"position\":2,\"item\":{\"@type\":\"WebPage\",\"@id\":\"https:\/\/www.kanzlei-plettenberg.de\/es\/\",\"url\":\"https:\/\/www.kanzlei-plettenberg.de\/es\/\",\"name\":\"Home\"}}]}]}<\/script>\n<!-- \/ Yoast SEO plugin. -->","_links":{"self":[{"href":"https:\/\/www.kanzlei-plettenberg.de\/es\/wp-json\/wp\/v2\/pages\/14869","targetHints":{"allow":["GET"]}}],"collection":[{"href":"https:\/\/www.kanzlei-plettenberg.de\/es\/wp-json\/wp\/v2\/pages"}],"about":[{"href":"https:\/\/www.kanzlei-plettenberg.de\/es\/wp-json\/wp\/v2\/types\/page"}],"author":[{"embeddable":true,"href":"https:\/\/www.kanzlei-plettenberg.de\/es\/wp-json\/wp\/v2\/users\/1"}],"replies":[{"embeddable":true,"href":"https:\/\/www.kanzlei-plettenberg.de\/es\/wp-json\/wp\/v2\/comments?post=14869"}],"version-history":[{"count":206,"href":"https:\/\/www.kanzlei-plettenberg.de\/es\/wp-json\/wp\/v2\/pages\/14869\/revisions"}],"predecessor-version":[{"id":16660,"href":"https:\/\/www.kanzlei-plettenberg.de\/es\/wp-json\/wp\/v2\/pages\/14869\/revisions\/16660"}],"wp:attachment":[{"href":"https:\/\/www.kanzlei-plettenberg.de\/es\/wp-json\/wp\/v2\/media?parent=14869"}],"curies":[{"name":"wp","href":"https:\/\/api.w.org\/{rel}","templated":true}]}}